{"id":119,"date":"2021-11-24T23:15:14","date_gmt":"2021-11-24T23:15:14","guid":{"rendered":"http:\/\/pruebawpale.terra-animal-laserena.com\/?page_id=7"},"modified":"2021-11-24T23:15:14","modified_gmt":"2021-11-24T23:15:14","slug":"nosotros","status":"publish","type":"page","link":"https:\/\/veterinaria.terra-animal-laserena.com\/index.php\/nosotros\/","title":{"rendered":"Nosotros"},"content":{"rendered":"<div class=\"vce-row-container\" data-vce-boxed-width=\"true\"><div class=\"vce-row vce-row--col-gap-30 vce-row-equal-height vce-row-content--top\" id=\"el-e6036d1d\" data-vce-do-apply=\"all el-e6036d1d\"><div class=\"vce-row-content\" data-vce-element-content=\"true\"><div class=\"vce-col vce-col--md-auto vce-col--xs-1 vce-col--xs-last vce-col--xs-first vce-col--sm-last vce-col--sm-first vce-col--md-last vce-col--lg-last vce-col--xl-last vce-col--md-first vce-col--lg-first vce-col--xl-first\" id=\"el-8a05b63e\"><div class=\"vce-col-inner\" data-vce-do-apply=\"border margin background  el-8a05b63e\"><div class=\"vce-col-content\" data-vce-element-content=\"true\" data-vce-do-apply=\"padding el-8a05b63e\"><div class=\"vce-text-block\"><div class=\"vce-text-block-wrapper vce\" id=\"el-09183272\" data-vce-do-apply=\"all el-09183272\"><div><p><!-- This site uses the Google Analytics by MonsterInsights plugin v8.2.0 - Using Analytics tracking - https:\/\/www.monsterinsights.com\/ --><!-- Nota: MonsterInsights no est\u00e1 actualmente configurado en este sitio. El due\u00f1o del sitio necesita identificarse usando su cuenta de Google Analytics en el panel de ajustes de MonsterInsights. --><!-- No UA code set --><!-- \/ Google Analytics by MonsterInsights --><!-- [if lt IE 9]><br \/><script type='text\/javascript' src='http:\/\/pruebawpale.terra-animal-laserena.com\/wp-content\/themes\/scapeshot\/assets\/js\/html5.min.js?ver=3.7.3' id='scapeshot-html5-js'><\/script><br \/><![endif]--><noscript><\/p>\n<style>.vce-row-container .vcv-lozad {display: none}<\/style>\n<p><\/noscript><\/p><\/div><div><div><span style=\"color: #403737;\"><b>Misi\u00f3n<\/b><\/span><\/div><div class=\"CjVfdc\"><span style=\"color: #403737;\"><em>En el a\u00f1o 2015 comenz\u00f3 el proyecto Terra Animal con el objetivo de prestar un servicio de apoyo y cuidado de las mascotas de manera integral. Terra Animal hoy presta diversos servicios entre ellos encontramos consulta veterinaria, consulta de especialidad, cirug\u00edas de tejidos blandos, cirug\u00edas ortop\u00e9dicas y cirug\u00edas de alta complejidad, adicional a esto nuestra cl\u00ednica veterinaria cuenta con un laboratorio de toma de muestra de sangre, hospital canino, hospital felino, hotel, peluquer\u00eda, venta de alimentos, f\u00e1rmacos y pet.<\/em><\/span><\/div><div id=\"h.nfquscetodmg\" class=\"GV3q8e aP9Z7e\">&nbsp;<\/div><div class=\"CjVfdc\"><div class=\"PPhIP rviiZ\"><div class=\"U26fgb mUbCce fKz7Od LRAOtb Znu9nd M9Bg4d\" role=\"presentation\" aria-describedby=\"h.nfquscetodmg\" aria-label=\"Copiar el v\u00ednculo del t\u00edtulo\" aria-disabled=\"false\" data-tooltip=\"Copiar el v\u00ednculo del t\u00edtulo\" aria-hidden=\"true\" data-tooltip-position=\"top\" data-tooltip-vertical-offset=\"12\" data-tooltip-horizontal-offset=\"0\"><div class=\"VTBa7b MbhUzd\"><span style=\"color: #403737;\"><em style=\"font-size: 1.125rem;\">Adem\u00e1s contamos con servicios externos para apoyar el diagn\u00f3stico y tratamiento cl\u00ednico, entre ellos externalizamos los servicios de ecograf\u00eda abdominal, radiograf\u00eda, ecocardiograma, electrocardiograma entre otros previa agenda de hora.<\/em><\/span><\/div><\/div><\/div><\/div><\/div><\/div><\/div><div class=\"vce-text-block\"><div class=\"vce-text-block-wrapper vce\" id=\"el-cdd3be51\" data-vce-do-apply=\"all el-cdd3be51\"><div><p><!-- This site uses the Google Analytics by MonsterInsights plugin v8.2.0 - Using Analytics tracking - https:\/\/www.monsterinsights.com\/ --><!-- Nota: MonsterInsights no est\u00e1 actualmente configurado en este sitio. El due\u00f1o del sitio necesita identificarse usando su cuenta de Google Analytics en el panel de ajustes de MonsterInsights. --><!-- No UA code set --><!-- \/ Google Analytics by MonsterInsights --><!-- [if lt IE 9]><br \/><script type='text\/javascript' src='http:\/\/pruebawpale.terra-animal-laserena.com\/wp-content\/themes\/scapeshot\/assets\/js\/html5.min.js?ver=3.7.3' id='scapeshot-html5-js'><\/script><br \/><![endif]--><noscript><\/p>\n<style>.vce-row-container .vcv-lozad {display: none}<\/style>\n<p><\/noscript><\/p><\/div><div><div><span style=\"color: #403737;\"><b>Visi\u00f3n<\/b><\/span><\/div><div><span style=\"color: #403737;\"><em style=\"font-size: 1.125rem;\">Ser un apoyo para las familias en el cuidado y bienestar de las mascotas, entregando informaci\u00f3n, profesionalismo y atenci\u00f3n de calidad.<\/em><\/span><\/div><\/div><\/div><\/div><\/div><\/div><\/div><\/div><\/div><\/div>\n","protected":false},"excerpt":{"rendered":"<p>Misi\u00f3nEn el a\u00f1o 2015 comenz\u00f3 el proyecto Terra Animal con el objetivo de prestar un servicio de apoyo y cuidado<\/p>\n<p><span class=\"more-link\"><a href=\"https:\/\/veterinaria.terra-animal-laserena.com\/index.php\/nosotros\/\" class=\"readmore\">Continue reading<span class=\"screen-reader-text\">Nosotros<\/span><\/a><\/span><\/p>\n","protected":false},"author":1,"featured_media":0,"parent":0,"menu_order":0,"comment_status":"closed","ping_status":"closed","template":"","meta":{"om_disable_all_campaigns":false,"_monsterinsights_skip_tracking":false,"_monsterinsights_sitenote_active":false,"_monsterinsights_sitenote_note":"","_monsterinsights_sitenote_category":0,"footnotes":""},"class_list":["post-119","page","type-page","status-publish","hentry"],"aioseo_notices":[],"_links":{"self":[{"href":"https:\/\/veterinaria.terra-animal-laserena.com\/index.php\/wp-json\/wp\/v2\/pages\/119","targetHints":{"allow":["GET"]}}],"collection":[{"href":"https:\/\/veterinaria.terra-animal-laserena.com\/index.php\/wp-json\/wp\/v2\/pages"}],"about":[{"href":"https:\/\/veterinaria.terra-animal-laserena.com\/index.php\/wp-json\/wp\/v2\/types\/page"}],"author":[{"embeddable":true,"href":"https:\/\/veterinaria.terra-animal-laserena.com\/index.php\/wp-json\/wp\/v2\/users\/1"}],"replies":[{"embeddable":true,"href":"https:\/\/veterinaria.terra-animal-laserena.com\/index.php\/wp-json\/wp\/v2\/comments?post=119"}],"version-history":[{"count":0,"href":"https:\/\/veterinaria.terra-animal-laserena.com\/index.php\/wp-json\/wp\/v2\/pages\/119\/revisions"}],"wp:attachment":[{"href":"https:\/\/veterinaria.terra-animal-laserena.com\/index.php\/wp-json\/wp\/v2\/media?parent=119"}],"curies":[{"name":"wp","href":"https:\/\/api.w.org\/{rel}","templated":true}]}}